{"id":176,"date":"2017-07-31T14:30:18","date_gmt":"2017-07-31T14:30:18","guid":{"rendered":"http:\/\/bs-collections.de\/wp\/?page_id=176"},"modified":"2018-05-24T15:01:51","modified_gmt":"2018-05-24T15:01:51","slug":"impressum","status":"publish","type":"page","link":"https:\/\/schaeffer-americanhome.de\/index.php\/impressum\/","title":{"rendered":"Impressum"},"content":{"rendered":"<div id=\"pl-176\"  class=\"panel-layout\" ><div id=\"pg-176-0\"  class=\"panel-grid panel-has-style\" ><div style=\"padding: 5px 0; \" data-overlay=\"true\" data-overlay-color=\"#000000\" class=\"panel-row-style panel-row-style-for-176-0\" ><div id=\"pgc-176-0-0\"  class=\"panel-grid-cell panel-grid-cell-mobile-last\" ><div id=\"panel-176-0-0-0\" class=\"so-panel widget widget_sow-editor panel-first-child panel-last-child\" data-index=\"0\" ><div style=\"text-align: left;\" data-title-color=\"#443f3f\" data-headings-color=\"#443f3f\" class=\"panel-widget-style panel-widget-style-for-176-0-0-0\" ><div\n\t\t\t\n\t\t\tclass=\"so-widget-sow-editor so-widget-sow-editor-base\"\n\t\t\t\n\t\t>\n<div class=\"siteorigin-widget-tinymce textwidget\">\n\t<p><span style=\"color: #666666;\"><span style=\"font-family: Lato, arial, sans-serif;\"><span style=\"font-size: x-large;\"><b>Angaben gem\u00e4\u00df \u00a7 5 TMG:<\/b><\/span><\/span><\/span><\/p>\n<p><span style=\"color: #444444;\"><span style=\"font-family: Lato, arial, sans-serif;\"><span style=\"font-size: medium;\">Kai Sch\u00e4ffer<br \/>\nSch\u00e4ffer American Home<br \/>\nIn den Fichten 34<br \/>\n32584 L\u00f6hne<\/span><\/span><\/span><\/p>\n<h2 class=\"western\"><span style=\"color: #666666;\"><span style=\"font-family: Lato, arial, sans-serif;\"><span style=\"font-size: x-large;\"><b>Kontakt:<\/b><\/span><\/span><\/span><\/h2>\n<p><span style=\"color: #444444;\"><span style=\"font-family: Lato, arial, sans-serif;\"><span style=\"font-size: medium;\">Telefon: +49 (0) 5731 304400<br \/>\nTelefax: +49 (0) 5731 40002<br \/>\nE-Mail: <a href=\"mailto:info@schaeffer-americanhome.de\">info@schaeffer-americanhome.de<\/a><\/span><\/span><\/span><\/p>\n<h2 class=\"western\"><span style=\"color: #666666;\"><span style=\"font-family: Lato, arial, sans-serif;\"><span style=\"font-size: x-large;\"><b>Registereintrag:<\/b><\/span><\/span><\/span><\/h2>\n<p><span style=\"color: #444444;\"><span style=\"font-family: Lato, arial, sans-serif;\"><span style=\"font-size: medium;\">Eintragung im Handelsregister.<br \/>\nRegistergericht:Amtsgericht Bad Oeynhausen<br \/>\nRegisternummer: HR 1626<\/span><\/span><\/span><\/p>\n<h2 class=\"western\"><span style=\"color: #666666;\"><span style=\"font-family: Lato, arial, sans-serif;\"><span style=\"font-size: x-large;\"><b>Umsatzsteuer:<\/b><\/span><\/span><\/span><\/h2>\n<p><span style=\"color: #444444;\"><span style=\"font-family: Lato, arial, sans-serif;\"><span style=\"font-size: medium;\">Umsatzsteuer-Identifikationsnummer gem\u00e4\u00df \u00a727 a Umsatzsteuergesetz:<br \/>\nDE 124 324 245<\/span><\/span><\/span><\/p>\n<h2 class=\"western\"><span style=\"color: #333333;\"><span style=\"font-family: Lato, arial, sans-serif;\"><span style=\"font-size: x-large;\"><b>Streitschlichtung<\/b><\/span><\/span><\/span><\/h2>\n<p><span style=\"color: #333333;\"><span style=\"font-family: Lato, arial, sans-serif;\"><span style=\"font-size: medium;\">Die Europ\u00e4ische Kommission stellt eine Plattform zur Online-Streitbeilegung (OS) bereit: <\/span><\/span><\/span><a href=\"https:\/\/ec.europa.eu\/consumers\/odr\" target=\"_blank\" rel=\"noopener noreferrer\"><span style=\"color: #333333;\"><span style=\"font-family: Lato, arial, sans-serif;\"><span style=\"font-size: medium;\">https:\/\/ec.europa.eu\/consumers\/odr<\/span><\/span><\/span><\/a><span style=\"color: #333333;\"><span style=\"font-family: Lato, arial, sans-serif;\"><span style=\"font-size: medium;\">.<br \/>\nUnsere E-Mail-Adresse finden Sie oben im Impressum.<\/span><\/span><\/span><\/p>\n<p><span style=\"color: #333333;\"><span style=\"font-family: Lato, arial, sans-serif;\"><span style=\"font-size: medium;\">Wir sind nicht bereit oder verpflichtet, an Streitbeilegungsverfahren vor einer Verbraucherschlichtungsstelle teilzunehmen.<\/span><\/span><\/span><\/p>\n<h3 class=\"western\"><span style=\"color: #333333;\"><span style=\"font-family: Lato, arial, sans-serif;\"><span style=\"font-size: large;\"><b>Haftung f\u00fcr Inhalte<\/b><\/span><\/span><\/span><\/h3>\n<p><span style=\"color: #333333;\"><span style=\"font-family: Lato, arial, sans-serif;\"><span style=\"font-size: medium;\">Als Diensteanbieter sind wir gem\u00e4\u00df \u00a7 7 Abs.1 TMG f\u00fcr eigene Inhalte auf diesen Seiten nach den allgemeinen Gesetzen verantwortlich. Nach \u00a7\u00a7 8 bis 10 TMG sind wir als Diensteanbieter jedoch nicht verpflichtet, \u00fcbermittelte oder gespeicherte fremde Informationen zu \u00fcberwachen oder nach Umst\u00e4nden zu forschen, die auf eine rechtswidrige T\u00e4tigkeit hinweisen.<\/span><\/span><\/span><\/p>\n<p><span style=\"color: #333333;\"><span style=\"font-family: Lato, arial, sans-serif;\"><span style=\"font-size: medium;\">Verpflichtungen zur Entfernung oder Sperrung der Nutzung von Informationen nach den allgemeinen Gesetzen bleiben hiervon unber\u00fchrt. Eine diesbez\u00fcgliche Haftung ist jedoch erst ab dem Zeitpunkt der Kenntnis einer konkreten Rechtsverletzung m\u00f6glich. Bei Bekanntwerden von entsprechenden Rechtsverletzungen werden wir diese Inhalte umgehend entfernen.<\/span><\/span><\/span><\/p>\n<h2 class=\"western\"><span style=\"color: #666666;\"><span style=\"font-family: Lato, arial, sans-serif;\"><span style=\"font-size: x-large;\"><b><strong><span style=\"color: #333333;\">Disclaimer:<\/span><\/strong><\/b><\/span><\/span><\/span><\/h2>\n<h3 class=\"western\"><span style=\"color: #333333;\"><span style=\"font-family: Lato, arial, sans-serif;\"><span style=\"font-size: large;\"><b>Haftung f\u00fcr Links<\/b><\/span><\/span><\/span><\/h3>\n<p><span style=\"color: #333333;\"><span style=\"font-family: Lato, arial, sans-serif;\"><span style=\"font-size: medium;\">Unser Angebot enth\u00e4lt Links zu externen Websites Dritter, auf deren Inhalte wir keinen Einfluss haben. Deshalb k\u00f6nnen wir f\u00fcr diese fremden Inhalte auch keine Gew\u00e4hr \u00fcbernehmen. F\u00fcr die Inhalte der verlinkten Seiten ist stets der jeweilige Anbieter oder Betreiber der Seiten verantwortlich. Die verlinkten Seiten wurden zum Zeitpunkt der Verlinkung auf m\u00f6gliche Rechtsverst\u00f6\u00dfe \u00fcberpr\u00fcft. Rechtswidrige Inhalte waren zum Zeitpunkt der Verlinkung nicht erkennbar.<\/span><\/span><\/span><\/p>\n<p><span style=\"color: #333333;\"><span style=\"font-family: Lato, arial, sans-serif;\"><span style=\"font-size: medium;\">Eine permanente inhaltliche Kontrolle der verlinkten Seiten ist jedoch ohne konkrete Anhaltspunkte einer Rechtsverletzung nicht zumutbar. Bei Bekanntwerden von Rechtsverletzungen werden wir derartige Links umgehend entfernen.<\/span><\/span><\/span><\/p>\n<h3 class=\"western\"><span style=\"color: #333333;\"><span style=\"font-family: Lato, arial, sans-serif;\"><span style=\"font-size: large;\"><b>Urheberrecht<\/b><\/span><\/span><\/span><\/h3>\n<p><span style=\"color: #333333;\"><span style=\"font-family: Lato, arial, sans-serif;\"><span style=\"font-size: medium;\">Die durch die Seitenbetreiber erstellten Inhalte und Werke auf diesen Seiten unterliegen dem deutschen Urheberrecht. Die Vervielf\u00e4ltigung, Bearbeitung, Verbreitung und jede Art der Verwertung au\u00dferhalb der Grenzen des Urheberrechtes bed\u00fcrfen der schriftlichen Zustimmung des jeweiligen Autors bzw. Erstellers. Downloads und Kopien dieser Seite sind nur f\u00fcr den privaten, nicht kommerziellen Gebrauch gestattet.<\/span><\/span><\/span><\/p>\n<p><span style=\"color: #333333;\"><span style=\"font-family: Lato, arial, sans-serif;\"><span style=\"font-size: medium;\">Soweit die Inhalte auf dieser Seite nicht vom Betreiber erstellt wurden, werden die Urheberrechte Dritter beachtet. Insbesondere werden Inhalte Dritter als solche gekennzeichnet. Sollten Sie trotzdem auf eine Urheberrechtsverletzung aufmerksam werden, bitten wir um einen entsprechenden Hinweis. Bei Bekanntwerden von Rechtsverletzungen werden wir derartige Inhalte umgehend entfernen.<\/span><\/span><\/span><\/p>\n<\/div>\n<\/div><\/div><\/div><\/div><div id=\"pgc-176-0-1\"  class=\"panel-grid-cell panel-grid-cell-empty\" ><\/div><\/div><\/div><\/div>","protected":false},"excerpt":{"rendered":"<p>Angaben gem\u00e4\u00df \u00a7 5 TMG: Kai Sch\u00e4ffer Sch\u00e4ffer American Home In den Fichten 34 32584 L\u00f6hne Kontakt: Telefon: +49 (0) 5731 304400 Telefax: +49 (0) 5731 40002 E-Mail: info@schaeffer-americanhome.de Registereintrag: Eintragung im Handelsregister. Registergericht:Amtsgericht Bad Oeynhausen Registernummer: HR 1626 Umsatzsteuer: Umsatzsteuer-Identifikationsnummer gem\u00e4\u00df \u00a727 a Umsatzsteuergesetz: DE 124 324 245 Streitschlichtung Die Europ\u00e4ische Kommission stellt eine [&hellip;]<\/p>\n","protected":false},"author":1,"featured_media":0,"parent":0,"menu_order":25,"comment_status":"closed","ping_status":"closed","template":"","meta":[],"aioseo_notices":[],"_links":{"self":[{"href":"https:\/\/schaeffer-americanhome.de\/index.php\/wp-json\/wp\/v2\/pages\/176"}],"collection":[{"href":"https:\/\/schaeffer-americanhome.de\/index.php\/wp-json\/wp\/v2\/pages"}],"about":[{"href":"https:\/\/schaeffer-americanhome.de\/index.php\/wp-json\/wp\/v2\/types\/page"}],"author":[{"embeddable":true,"href":"https:\/\/schaeffer-americanhome.de\/index.php\/wp-json\/wp\/v2\/users\/1"}],"replies":[{"embeddable":true,"href":"https:\/\/schaeffer-americanhome.de\/index.php\/wp-json\/wp\/v2\/comments?post=176"}],"version-history":[{"count":24,"href":"https:\/\/schaeffer-americanhome.de\/index.php\/wp-json\/wp\/v2\/pages\/176\/revisions"}],"predecessor-version":[{"id":2900,"href":"https:\/\/schaeffer-americanhome.de\/index.php\/wp-json\/wp\/v2\/pages\/176\/revisions\/2900"}],"wp:attachment":[{"href":"https:\/\/schaeffer-americanhome.de\/index.php\/wp-json\/wp\/v2\/media?parent=176"}],"curies":[{"name":"wp","href":"https:\/\/api.w.org\/{rel}","templated":true}]}}