{"id":227,"date":"2017-08-11T08:42:20","date_gmt":"2017-08-11T08:42:20","guid":{"rendered":"http:\/\/bs-collections.de\/wp\/?page_id=227"},"modified":"2017-09-14T09:55:29","modified_gmt":"2017-09-14T09:55:29","slug":"service","status":"publish","type":"page","link":"https:\/\/schaeffer-americanhome.de\/index.php\/service-extras\/service\/","title":{"rendered":"Service"},"content":{"rendered":"<div id=\"pl-227\"  class=\"panel-layout\" ><div id=\"pg-227-0\"  class=\"panel-grid panel-has-style\" ><div style=\"padding: 0px 0; \" data-overlay=\"true\" data-overlay-color=\"#000000\" class=\"panel-row-style panel-row-style-for-227-0\" ><div id=\"pgc-227-0-0\"  class=\"panel-grid-cell\" ><div id=\"panel-227-0-0-0\" class=\"so-panel widget widget_sow-editor panel-first-child panel-last-child\" data-index=\"0\" ><div style=\"text-align: left;\" data-title-color=\"#443f3f\" data-headings-color=\"#443f3f\" class=\"panel-widget-style panel-widget-style-for-227-0-0-0\" ><div\n\t\t\t\n\t\t\tclass=\"so-widget-sow-editor so-widget-sow-editor-base\"\n\t\t\t\n\t\t>\n<div class=\"siteorigin-widget-tinymce textwidget\">\n\t<p>Die Agentur Sch\u00e4ffer-American Home bietet neben der Beratung, Betreuung und dem Verkauf von internationalen Wohnm\u00f6beln, kundenindividuelle Verkaufskonzepte an.<\/p>\n<p><\/p>\n<p><strong><br \/>\nZu den einzelnen Serviceleistungen geh\u00f6ren:<\/strong><\/p>\n<p>- Individuelle Planung von Ausstellungen<br \/>\n- Verkaufsunterst\u00fctzung durch professionelles Marketing<br \/>\n- Kundendienst durch geschulte Mitarbeiter<\/p>\n<p>&nbsp;<\/p>\n<\/div>\n<\/div><\/div><\/div><\/div><div id=\"pgc-227-0-1\"  class=\"panel-grid-cell\" ><div id=\"panel-227-0-1-0\" class=\"so-panel widget widget_sow-editor panel-first-child panel-last-child\" data-index=\"1\" ><div style=\"text-align: left;\" data-title-color=\"#443f3f\" data-headings-color=\"#443f3f\" class=\"panel-widget-style panel-widget-style-for-227-0-1-0\" ><div\n\t\t\t\n\t\t\tclass=\"so-widget-sow-editor so-widget-sow-editor-base\"\n\t\t\t\n\t\t>\n<div class=\"siteorigin-widget-tinymce textwidget\">\n\t<\/div>\n<\/div><\/div><\/div><\/div><\/div><\/div><\/div>","protected":false},"excerpt":{"rendered":"<p>Die Agentur Sch\u00e4ffer-American Home bietet neben der Beratung, Betreuung und dem Verkauf von internationalen Wohnm\u00f6beln, kundenindividuelle Verkaufskonzepte an. Zu den einzelnen Serviceleistungen geh\u00f6ren: &#8211; Individuelle Planung von Ausstellungen &#8211; Verkaufsunterst\u00fctzung durch professionelles Marketing &#8211; Kundendienst durch geschulte Mitarbeiter &nbsp;<\/p>\n","protected":false},"author":1,"featured_media":0,"parent":221,"menu_order":12,"comment_status":"closed","ping_status":"closed","template":"","meta":[],"aioseo_notices":[],"_links":{"self":[{"href":"https:\/\/schaeffer-americanhome.de\/index.php\/wp-json\/wp\/v2\/pages\/227"}],"collection":[{"href":"https:\/\/schaeffer-americanhome.de\/index.php\/wp-json\/wp\/v2\/pages"}],"about":[{"href":"https:\/\/schaeffer-americanhome.de\/index.php\/wp-json\/wp\/v2\/types\/page"}],"author":[{"embeddable":true,"href":"https:\/\/schaeffer-americanhome.de\/index.php\/wp-json\/wp\/v2\/users\/1"}],"replies":[{"embeddable":true,"href":"https:\/\/schaeffer-americanhome.de\/index.php\/wp-json\/wp\/v2\/comments?post=227"}],"version-history":[{"count":20,"href":"https:\/\/schaeffer-americanhome.de\/index.php\/wp-json\/wp\/v2\/pages\/227\/revisions"}],"predecessor-version":[{"id":2034,"href":"https:\/\/schaeffer-americanhome.de\/index.php\/wp-json\/wp\/v2\/pages\/227\/revisions\/2034"}],"up":[{"embeddable":true,"href":"https:\/\/schaeffer-americanhome.de\/index.php\/wp-json\/wp\/v2\/pages\/221"}],"wp:attachment":[{"href":"https:\/\/schaeffer-americanhome.de\/index.php\/wp-json\/wp\/v2\/media?parent=227"}],"curies":[{"name":"wp","href":"https:\/\/api.w.org\/{rel}","templated":true}]}}