{"id":3508,"date":"2022-10-18T11:36:32","date_gmt":"2022-10-18T09:36:32","guid":{"rendered":"https:\/\/schaeffer-americanhome.de\/?page_id=3508"},"modified":"2022-10-18T11:39:03","modified_gmt":"2022-10-18T09:39:03","slug":"esstische","status":"publish","type":"page","link":"https:\/\/schaeffer-americanhome.de\/index.php\/wohn-speiseraeume\/esstische\/","title":{"rendered":"Esstische"},"content":{"rendered":"<section id=\"huge_it_portfolio_content_64\"\r\n         style=\"clear: both\"\r\n         class=\"portfolio-gallery-content \"\r\n         data-portfolio-id=\"64\">\r\n\t<div id=\"huge-it-container-loading-overlay_64\"><\/div>\r\n\t\t\t\t\t\t<div id=\"huge_it_portfolio_container_64\"\r\n\t     data-show-loading=\"off\"\r\n\t     data-show-center=\"off\"\r\n\t     class=\"huge_it_portfolio_container super-list variable-sizes clearfix view-full-width\" >\r\n\t\t\t\t\t<div\r\n\t\t\t\tclass=\"portelement portelement_64 colorbox_grouping   \" data-symbol=\"OT1503-200 (gross)\" data-category=\"alkaline-earth\">\r\n\t\t\t\t<div class=\"left-block_64\">\r\n\t\t\t\t\t<div class=\"main-image-block_64 add-H-relative\">\r\n                        <p style=\"display:none;\" class=\"load_date\">2022-10-18 11:32:11<\/p>\r\n                        <p style=\"display:none;\" class=\"number\">1151<\/p>\r\n\t\t\t\t\t\t\t\t\t\t\t\t\t\t\t\t\t\t\t\t\t<a href=\"https:\/\/schaeffer-americanhome.de\/wp-content\/uploads\/2022\/10\/OC1503_02-scaled.jpg\"\r\n\t\t\t\t\t\t\t\t\t   class=\" portfolio-group1-64\"\r\n                                       data-description=\" Speisetisch &quot;Olivia&quot;, rechteckiger Speisetisch mit kreisf\u00f6rmigem Ornamentfu\u00df, Ma\u00dfe ca. in cm: 200 B x 90 T x 76 H \"\r\n\t\t\t\t\t\t\t\t\t   title=\"OT1503-200 (gross)\" data-groupID=\"1-64\"><img\r\n\t\t\t\t\t\t\t\t\t\t\talt=\"OT1503-200 (gross)\"\r\n\t\t\t\t\t\t\t\t\t\t\tid=\"wd-cl-img0\"\r\n                                            data-title=\" \"\r\n\t\t\t\t\t\t\t\t\t\t\tsrc=\"https:\/\/schaeffer-americanhome.de\/wp-content\/uploads\/2022\/10\/OC1503_02-scaled.jpg\"><\/a>\r\n\t\t\t\t\t\t\t\t\t\t\t\t\t\t<\/div>\r\n\t\t\t\t\t<div class=\"thumbs-block\">\r\n\t\t\t\t\t\t\t\t\t\t\t\t\t<ul class=\"thumbs-list_64\">\r\n\t\t\t\t\t\t\t\t\t\t\t\t\t\t\t<\/ul>\r\n\t\t\t\t\t\t\t\t\t\t\t\t<\/div>\r\n\t\t\t\t<\/div>\r\n\t\t\t\t<div class=\"right-block\">\r\n\t\t\t\t\t\t\t\t\t\t<div class=\"title-block_64\">\r\n\t\t\t\t\t\t<h3 class=\"name\" >OT1503-200 (gross)<\/h3><\/div>\t\t\t\t\t\t\t\t\t\t\t\t<div class=\"description-block_64\">\r\n\t\t\t\t\t\t\t\t<p>Speisetisch \"Olivia\", rechteckiger Speisetisch mit kreisf\u00f6rmigem Ornamentfu\u00df, Ma\u00dfe ca. in cm: 200 B x 90 T x 76 H <\/p><\/div>\r\n\t\t\t\t\t\t\t\t\t\t\t\t\t\t\t<\/div>\r\n\t\t\t<\/div>\r\n\r\n\t\t\t\t\t\t<div\r\n\t\t\t\tclass=\"portelement portelement_64 colorbox_grouping   \" data-symbol=\"OT1503-180 (mittelgross)\" data-category=\"alkaline-earth\">\r\n\t\t\t\t<div class=\"left-block_64\">\r\n\t\t\t\t\t<div class=\"main-image-block_64 add-H-relative\">\r\n                        <p style=\"display:none;\" class=\"load_date\">2022-10-18 11:31:33<\/p>\r\n                        <p style=\"display:none;\" class=\"number\">1150<\/p>\r\n\t\t\t\t\t\t\t\t\t\t\t\t\t\t\t\t\t\t\t\t\t<a href=\"https:\/\/schaeffer-americanhome.de\/wp-content\/uploads\/2022\/10\/OC1503_02-scaled.jpg\"\r\n\t\t\t\t\t\t\t\t\t   class=\" portfolio-group2-64\"\r\n                                       data-description=\" Speisetisch &quot;Olivia&quot;, rechteckiger Speisetisch mit kreisf\u00f6rmigem Ornamentfu\u00df, Ma\u00dfe ca. in cm: 180 B x 90 T x 76 H \"\r\n\t\t\t\t\t\t\t\t\t   title=\"OT1503-180 (mittelgross)\" data-groupID=\"2-64\"><img\r\n\t\t\t\t\t\t\t\t\t\t\talt=\"OT1503-180 (mittelgross)\"\r\n\t\t\t\t\t\t\t\t\t\t\tid=\"wd-cl-img1\"\r\n                                            data-title=\" \"\r\n\t\t\t\t\t\t\t\t\t\t\tsrc=\"https:\/\/schaeffer-americanhome.de\/wp-content\/uploads\/2022\/10\/OC1503_02-scaled.jpg\"><\/a>\r\n\t\t\t\t\t\t\t\t\t\t\t\t\t\t<\/div>\r\n\t\t\t\t\t<div class=\"thumbs-block\">\r\n\t\t\t\t\t\t\t\t\t\t\t\t\t<ul class=\"thumbs-list_64\">\r\n\t\t\t\t\t\t\t\t\t\t\t\t\t\t\t<\/ul>\r\n\t\t\t\t\t\t\t\t\t\t\t\t<\/div>\r\n\t\t\t\t<\/div>\r\n\t\t\t\t<div class=\"right-block\">\r\n\t\t\t\t\t\t\t\t\t\t<div class=\"title-block_64\">\r\n\t\t\t\t\t\t<h3 class=\"name\" >OT1503-180 (mittelgross)<\/h3><\/div>\t\t\t\t\t\t\t\t\t\t\t\t<div class=\"description-block_64\">\r\n\t\t\t\t\t\t\t\t<p>Speisetisch \"Olivia\", rechteckiger Speisetisch mit kreisf\u00f6rmigem Ornamentfu\u00df, Ma\u00dfe ca. in cm: 180 B x 90 T x 76 H <\/p><\/div>\r\n\t\t\t\t\t\t\t\t\t\t\t\t\t\t\t<\/div>\r\n\t\t\t<\/div>\r\n\r\n\t\t\t\t\t\t<div\r\n\t\t\t\tclass=\"portelement portelement_64 colorbox_grouping   \" data-symbol=\"OT1503-160 (klein)\" data-category=\"alkaline-earth\">\r\n\t\t\t\t<div class=\"left-block_64\">\r\n\t\t\t\t\t<div class=\"main-image-block_64 add-H-relative\">\r\n                        <p style=\"display:none;\" class=\"load_date\">2022-10-18 11:27:40<\/p>\r\n                        <p style=\"display:none;\" class=\"number\">1148<\/p>\r\n\t\t\t\t\t\t\t\t\t\t\t\t\t\t\t\t\t\t\t\t\t<a href=\"https:\/\/schaeffer-americanhome.de\/wp-content\/uploads\/2022\/10\/OC1503_02-scaled.jpg\"\r\n\t\t\t\t\t\t\t\t\t   class=\" portfolio-group3-64\"\r\n                                       data-description=\" Speisetisch &quot;Olivia&quot;, rechteckiger Speisetisch mit kreisf\u00f6rmigem Ornamentfu\u00df, Ma\u00dfe ca. in cm: 160 B x 90 T x 76 H \"\r\n\t\t\t\t\t\t\t\t\t   title=\"OT1503-160 (klein)\" data-groupID=\"3-64\"><img\r\n\t\t\t\t\t\t\t\t\t\t\talt=\"OT1503-160 (klein)\"\r\n\t\t\t\t\t\t\t\t\t\t\tid=\"wd-cl-img2\"\r\n                                            data-title=\" \"\r\n\t\t\t\t\t\t\t\t\t\t\tsrc=\"https:\/\/schaeffer-americanhome.de\/wp-content\/uploads\/2022\/10\/OC1503_02-scaled.jpg\"><\/a>\r\n\t\t\t\t\t\t\t\t\t\t\t\t\t\t<\/div>\r\n\t\t\t\t\t<div class=\"thumbs-block\">\r\n\t\t\t\t\t\t\t\t\t\t\t\t\t<ul class=\"thumbs-list_64\">\r\n\t\t\t\t\t\t\t\t\t\t\t\t\t\t\t<\/ul>\r\n\t\t\t\t\t\t\t\t\t\t\t\t<\/div>\r\n\t\t\t\t<\/div>\r\n\t\t\t\t<div class=\"right-block\">\r\n\t\t\t\t\t\t\t\t\t\t<div class=\"title-block_64\">\r\n\t\t\t\t\t\t<h3 class=\"name\" >OT1503-160 (klein)<\/h3><\/div>\t\t\t\t\t\t\t\t\t\t\t\t<div class=\"description-block_64\">\r\n\t\t\t\t\t\t\t\t<p>Speisetisch \"Olivia\", rechteckiger Speisetisch mit kreisf\u00f6rmigem Ornamentfu\u00df, Ma\u00dfe ca. in cm: 160 B x 90 T x 76 H <\/p><\/div>\r\n\t\t\t\t\t\t\t\t\t\t\t\t\t\t\t<\/div>\r\n\t\t\t<\/div>\r\n\r\n\t\t\t\r\n\t<\/div>\r\n<\/section><style>\r\n.portelement_64 .play-icon.youtube-icon  {\r\n    background: url(https:\/\/schaeffer-americanhome.de\/wp-content\/plugins\/portfolio-gallery\/assets\/images\/admin_images\/play.youtube.png) center center no-repeat;\r\n    background-size: 30% 30%;\r\n}\r\n.portelement_64 .play-icon.vimeo-icon  {\r\n    background: url(https:\/\/schaeffer-americanhome.de\/wp-content\/plugins\/portfolio-gallery\/assets\/images\/admin_images\/play.vimeo.png) center center no-repeat;\r\n    background-size: 30% 30%;\r\n}\r\n.portelement_64 .play-icon {\r\n    position: absolute;\r\n    top: 0px;\r\n    left: 0px;\r\n    width: 100%;\r\n    height: 100%;\r\n}\r\n.add-H-relative {\r\n    position: relative;\r\n}\r\n.add-H-block {\r\n    display: block;\r\n    border: none !important;\r\n    box-shadow: none;\r\n\r\n}\r\n\/***<\/add>***\/\r\n.portelement_64 {\r\n    position: relative;\r\n    width: calc(96% - 2px);\r\n    margin:5px 0px 5px 0px;\r\n    padding:2%;\r\n    clear:both;\r\n    overflow: hidden;\r\n    border:1px solid #dedede;\r\n    background:#f9f9f9;\r\n}\r\n\r\n.portelement_64 div.left-block_64 {\r\n    padding-right: 10px;\r\n    display: inline-block;\r\n    float: left;\r\n}\r\n\r\n.portelement_64 div.left-block_64 .main-image-block_64 {\r\n    clear:both;\r\n    width:240px;\r\n}\r\n\r\n.portelement_64 div.left-block_64 .main-image-block_64 img {\r\n    margin:0px !important;\r\n    padding:0px !important;\r\n    width:240px !important;\r\n    height:auto;\r\n}\r\n\r\n.portelement_64 div.left-block_64 .thumbs-block {\r\n    position:relative;\r\n    margin-top:10px;\r\n    display: inline-block;\r\n}\r\n\r\n.portelement_64 div.left-block_64 .thumbs-block .thumbs-list_64{\r\n    padding: 0 !important;\r\n}\r\n\r\n.portelement_64 div.left-block_64 .thumbs-block ul {\r\n    width:240px;\r\n    height:auto;\r\n    display:table;\r\n    margin:0px;\r\n    padding:0px;\r\n    list-style:none;\r\n}\r\n\r\n.portelement_64 div.left-block_64 .thumbs-block ul li {\r\n    margin:2px 3px 0px 2px;\r\n    padding:0px;\r\n    width:75px;\r\n    height:75px;\r\n    float:left;\r\n}\r\n\r\n.portelement_64 div.left-block_64 .thumbs-block ul li a {\r\n    display:block;\r\n    width:75px;\r\n    height:75px;\r\n    border: none;\r\n    box-shadow: none;\r\n}\r\n\r\n.portelement_64 div.left-block_64 .thumbs-block ul li a img {\r\n    margin:0px !important;\r\n    padding:0px !important;\r\n    width:75px;\r\n    height:75px;\r\n}\r\n\r\n.portelement_64 div.right-block {\r\n    vertical-align:top;\r\n    float: right;\r\n    display: inline-block;\r\n    width: calc(96% - 240px);\r\n}\r\n\r\n.portelement_64 div.right-block > div {\r\n    width:100%;\r\n    padding-bottom:10px;\r\n    margin-top:10px;\r\n    background:url('https:\/\/schaeffer-americanhome.de\/wp-content\/plugins\/portfolio-gallery\/assets\/images\/admin_images\/divider.line.png') center bottom repeat-x;\r\n}\r\n\r\n.portelement_64 div.right-block > div:last-child {\r\n    background:none;\r\n}\r\n\r\n.portelement_64 div.right-block .title-block_64  {\r\n    margin-top:3px;\r\n}\r\n\r\n.portelement_64 div.right-block .title-block_64 h3 {\r\n    margin:0px;\r\n    padding:0px;\r\n    font-weight:normal;\r\n    font-size:18px !important;\r\n    line-height:22px !important;\r\n    color:#0074a2;\r\n}\r\n\r\n.portelement_64 div.right-block .description-block_64 p,.portelement_64 div.right-block .description-block_64  {\r\n    margin:0px;\r\n    padding:0px;\r\n    font-size:14px;\r\n    color:#555555;\r\n    text-align: justify;\r\n}\r\n\r\n\r\n.portelement_64 div.right-block .description-block_64 h1,\r\n.portelement_64 div.right-block .description-block_64 h2,\r\n.portelement_64 div.right-block .description-block_64 h3,\r\n.portelement_64 div.right-block .description-block_64 h4,\r\n.portelement_64 div.right-block .description-block_64 h5,\r\n.portelement_64 div.right-block .description-block_64 h6,\r\n.portelement_64 div.right-block .description-block_64 p,\r\n.portelement_64 div.right-block .description-block_64 strong,\r\n.portelement_64 div.right-block .description-block_64 span {\r\n    padding:2px !important;\r\n    margin:0px !important;\r\n}\r\n\r\n.portelement_64 div.right-block .description-block_64 ul,\r\n.portelement_64 div.right-block .description-block_64 li {\r\n    padding:2px 0px 2px 5px;\r\n    margin:0px 0px 0px 8px;\r\n}\r\n\r\n.portelement_64 .button-block {\r\n    position:relative;\r\n}\r\n\r\n.portelement_64 div.right-block .button-block a,.portelement_64 div.right-block .button-block a:link,.portelement_64 div.right-block .button-block a:visited {\r\n    position:relative;\r\n    display:inline-block;\r\n    padding:6px 12px;\r\n    background:#2ea2cd;\r\n    color:#ffffff;\r\n    font-size:14px;\r\n    text-decoration:none;\r\n    border:none;\r\n}\r\n\r\n.portelement_64 div.right-block .button-block a:hover,.pupup-elemen.element div.right-block .button-block a:focus,.portelement_64 div.right-block .button-block a:active {\r\n    background:#0074a2;\r\n    color:#ffffff;\r\n    border:none;\r\n}\r\n\r\n#huge_it_portfolio_content_64 #huge_it_portfolio_options_64 {\r\n    position: relative;\r\n    overflow: hidden;\r\nfloat:;margin-top:5px;max-width:180px;width:20%;display:inline-block;margin-left:1%;\r\n    margin-bottom: 10px;\r\n}\r\n\r\n#huge_it_portfolio_content_64 #huge_it_portfolio_options_64 ul {\r\n    margin: 0px !important;\r\n    padding: 0px !important;\r\n    list-style: none;\r\n}\r\n\r\n#huge_it_portfolio_content_64 #huge_it_portfolio_filters_64 ul {\r\n    margin: 0px !important;\r\n    padding: 0px !important;\r\n    overflow: hidden;\r\n    width: 100%;\r\n}\r\n\r\n\r\n#huge_it_portfolio_content_64 #huge_it_portfolio_options_64 ul li {\r\n    border-radius: 0px;\r\n    list-style-type: none;\r\n    margin: 0px !important;\r\n    padding: 0;\r\nborder: 1px solid #ccc;}\r\n\r\n#huge_it_portfolio_content_64 #huge_it_portfolio_options_64 ul li a {\r\n    background-color: #F7F7F7 !important;\r\n    border-radius: 0px;\r\n    font-size:14px !important;\r\n    color:#555555 !important;\r\n    text-decoration: none;\r\n    cursor: pointer;\r\n    margin: 0px !important;\r\n    display: block;\r\n    padding:3px;\r\n}\r\n\r\n\/*#huge_it_portfolio_content_64 #huge_it_portfolio_options_64 ul li:hover {\r\n\r\n}*\/\r\n\r\n#huge_it_portfolio_content_64 #huge_it_portfolio_options_64 ul li a:hover {\r\n    background-color: #FF3845 !important;\r\n    color:#ffffff !important;\r\n    cursor: pointer;\r\n}\r\n\r\n#huge_it_portfolio_content_64 #huge_it_portfolio_filters_64 {\r\n    position: relative;\r\n    overflow: hidden;\r\nfloat:;margin-top:5px;max-width:180px;width:20%;display:inline-block;margin-left:1%;\r\n}\r\n\r\n#huge_it_portfolio_content_64 #huge_it_portfolio_filters_64 ul li {\r\n    border-radius: 0px;\r\n    list-style-type: none;\r\nborder: 1px solid #ccc;}\r\n\r\n#huge_it_portfolio_content_64 #huge_it_portfolio_filters_64 ul li a {\r\n    font-size:14px !important;\r\n    color:#555555 !important;\r\n    background-color: #F7F7F7 !important;\r\n    border-radius: 0px;\r\n    padding:3px;\r\n    display: block;\r\n    text-decoration: none;\r\n}\r\n\r\n#huge_it_portfolio_content_64 #huge_it_portfolio_filters_64  ul li a:hover {\r\n    color:#ffffff !important;\r\n    background-color: #FF3845 !important;\r\n    cursor: pointer;\r\n}\r\n#huge_it_portfolio_content_64 #huge_it_portfolio_filters_64 ul li.active a,\r\n#huge_it_portfolio_content_64 #huge_it_portfolio_filters_64 ul li.active a:link,\r\n#huge_it_portfolio_content_64 #huge_it_portfolio_filters_64 ul li.active a:visited,\r\n#huge_it_portfolio_content_64 #huge_it_portfolio_filters_64  ul li.active a:hover,\r\n#huge_it_portfolio_content_64 #huge_it_portfolio_filters_64  ul li.active a:focus,\r\n#huge_it_portfolio_content_64 #huge_it_portfolio_filters_64  ul li.active a:active {\r\n    color:#ffffff !important;\r\n    background-color: #FF3845 !important;\r\n    cursor: pointer;\r\n}\r\n#huge_it_portfolio_content_64 section {\r\n    position:relative;\r\n    display:block;\r\n}\r\n\r\n#huge_it_portfolio_content_64 #huge_it_portfolio_container_64 {\r\n\r\n    width: 79%;\r\nwidth:100%;\r\n}\r\n@media screen and (max-width: 768px) {\r\n\r\n    #huge_it_portfolio_content_64 #huge_it_portfolio_filters_64 ul li a,\r\n    #huge_it_portfolio_content_64 #huge_it_portfolio_filters_64 ul li a:link,\r\n    #huge_it_portfolio_content_64 #huge_it_portfolio_filters_64 ul li a:visited {\r\n        font-size: 2vw !important;\r\n    }\r\n    #huge_it_portfolio_content_64 #huge_it_portfolio_options_64 ul li a {\r\n        font-size:2vw !important;\r\n    }\r\n\r\n}\r\n\r\n@media screen and (max-width: 600px) {\r\n    .portelement_64 div.left-block_64 {\r\n        width: 100%;\r\n    }\r\n    .portelement_64 div.left-block_64 .main-image-block_64{\r\n        float: left;\r\n    }\r\n    .portelement_64 div.left-block_64 .thumbs-block{\r\n        width: calc(100% - 250px);\r\n        margin-left: 10px;\r\n    }\r\n    .portelement_64 div.left-block_64 .thumbs-block ul{\r\n        width: auto;\r\n    }\r\n    .portelement_64 div.right-block {\r\n        width: 100%;\r\n    }\r\n    .portelement_64 div.right-block .title-block_64 h3 {\r\n        text-align: center;\r\n    }\r\n}\r\n\r\n@media screen and (max-width: 480px) {\r\n\r\n    #huge_it_portfolio_content_64 #huge_it_portfolio_filters_64 ul li a,\r\n    #huge_it_portfolio_content_64 #huge_it_portfolio_filters_64 ul li a:link,\r\n    #huge_it_portfolio_content_64 #huge_it_portfolio_filters_64 ul li a:visited {\r\n        font-size: 3vw !important;\r\n    }\r\n    #huge_it_portfolio_content_64 #huge_it_portfolio_options_64 ul li a {\r\n        line-height: 3vw;\r\n        font-size:3vw !important;\r\n    }\r\n    .portelement_64 div.left-block_64 .thumbs-block{\r\n        width: auto;\r\n    }\r\n    .portelement_64 div.left-block_64 .main-image-block_64  {\r\n        left: 50%;\r\n        transform: translateX(-50%);\r\n        position: relative;\r\n    }\r\n    .portelement_64 div.left-block_64 .thumbs-block ul{\r\n        left: 50%;\r\n        transform: translateX(-50%);\r\n        position: relative;\r\n    }\r\n    .portelement_64 div.left-block_64 .thumbs-block{\r\n        width: 100%;\r\n        margin-left: 0;\r\n    }\r\n}\r\n@media screen and (max-width: 420px) {\r\n\r\n    #huge_it_portfolio_content_64 #huge_it_portfolio_filters_64 ul li a,\r\n    #huge_it_portfolio_content_64 #huge_it_portfolio_filters_64 ul li a:link,\r\n    #huge_it_portfolio_content_64 #huge_it_portfolio_filters_64 ul li a:visited {\r\n        font-size: 4vw !important;\r\n    }\r\n    #huge_it_portfolio_content_64 #huge_it_portfolio_options_64 ul li a {\r\n        font-size:4vw !important;\r\n    }\r\n}\r\n\r\n@media screen and (max-width: 765px) {\r\n    #huge_it_portfolio_content_64 .right-block {\r\n        float: left !important;\r\n        width: 100% !important;\r\n\r\n    }\r\n}\r\n#huge-it-container-loading-overlay_64 {\r\n    width: 100%;\r\n    height: 100%;\r\n    position: absolute;\r\n    z-index: 1;\r\n    background:  url(https:\/\/schaeffer-americanhome.de\/wp-content\/plugins\/portfolio-gallery\/assets\/images\/loading\/loading-1.svg) center top ;\r\n    background-repeat: no-repeat;\r\n    background-size: 60px auto;\r\ndisplay:none}\r\n#huge_it_portfolio_options_and_filters_64{\r\n    position: relative;\r\n    float: left;\r\n    width: 20%;\r\n    max-width: 180px;\r\n    float:;\r\nmargin-left:1%;}\r\n<\/style>\n","protected":false},"excerpt":{"rendered":"","protected":false},"author":1,"featured_media":0,"parent":171,"menu_order":6,"comment_status":"closed","ping_status":"closed","template":"","meta":[],"aioseo_notices":[],"_links":{"self":[{"href":"https:\/\/schaeffer-americanhome.de\/index.php\/wp-json\/wp\/v2\/pages\/3508"}],"collection":[{"href":"https:\/\/schaeffer-americanhome.de\/index.php\/wp-json\/wp\/v2\/pages"}],"about":[{"href":"https:\/\/schaeffer-americanhome.de\/index.php\/wp-json\/wp\/v2\/types\/page"}],"author":[{"embeddable":true,"href":"https:\/\/schaeffer-americanhome.de\/index.php\/wp-json\/wp\/v2\/users\/1"}],"replies":[{"embeddable":true,"href":"https:\/\/schaeffer-americanhome.de\/index.php\/wp-json\/wp\/v2\/comments?post=3508"}],"version-history":[{"count":2,"href":"https:\/\/schaeffer-americanhome.de\/index.php\/wp-json\/wp\/v2\/pages\/3508\/revisions"}],"predecessor-version":[{"id":3510,"href":"https:\/\/schaeffer-americanhome.de\/index.php\/wp-json\/wp\/v2\/pages\/3508\/revisions\/3510"}],"up":[{"embeddable":true,"href":"https:\/\/schaeffer-americanhome.de\/index.php\/wp-json\/wp\/v2\/pages\/171"}],"wp:attachment":[{"href":"https:\/\/schaeffer-americanhome.de\/index.php\/wp-json\/wp\/v2\/media?parent=3508"}],"curies":[{"name":"wp","href":"https:\/\/api.w.org\/{rel}","templated":true}]}}